{"id":167,"date":"2024-09-24T10:31:07","date_gmt":"2024-09-24T07:31:07","guid":{"rendered":"https:\/\/www.gedizserin.com\/de\/?page_id=167"},"modified":"2024-11-06T15:30:12","modified_gmt":"2024-11-06T12:30:12","slug":"uber-mich","status":"publish","type":"page","link":"https:\/\/www.gedizserin.com\/de\/uber-mich\/","title":{"rendered":"\u00dcber mich"},"content":{"rendered":"<h2>Prof. Dr. Gediz Murat Serin<\/h2>\n<h3>Expertenhand in der Nasenkorrektur!<\/h3>\n<p>Als Facharzt f\u00fcr Hals-Nasen-Ohren-Heilkunde, Kopf- und Halschirurgie habe ich zahlreiche wissenschaftliche Forschungen durchgef\u00fchrt und als Sprecher, Teilnehmer und Organisator bei nationalen und internationalen Konferenzen teilgenommen. Ich habe viele nationale und internationale Artikel und Buchkapitel verfasst. Derzeit setze ich meine wissenschaftlichen Arbeiten fort und engagiere mich in der Ausbildung von aufstrebenden Studenten und Hals-Nasen-Ohren-\u00c4rzten.<\/p>\n<p>Von 2006 bis 2007 war ich im Sar\u0131kam\u0131\u015f Asker Hospital in Kars t\u00e4tig, von 2007 bis 2008 im Horasan State Hospital in Erzurum, und von 2008 bis 2009 an der Marmara University School of Medicine in Istanbul. Zwischen 2009 und 2015 war ich im Ac\u0131badem Health Group Bak\u0131rk\u00f6y Hospital, von 2015 bis 2017 im Ac\u0131badem Health Group Taksim Hospital und seit 2017 setze ich meine T\u00e4tigkeit im Ac\u0131badem Health Group Maslak Hospital fort.<\/p>\n<h3>BERUFSERFAHRUNG<\/h3>\n<p>2017-heute Ac\u0131badem Health Group, Maslak Hospital, Istanbul<br \/>\n2015-2017 Ac\u0131badem Health Group, Taksim Hospital, Istanbul<br \/>\n2009-2015 Ac\u0131badem Health Group, Bak\u0131rk\u00f6y Hospital, Istanbul<br \/>\n2008-2009 Marmara University School of Medicine, Istanbul<br \/>\n2007-2008 Horasan State Hospital, Erzurum<br \/>\n2006-2007 Sar\u0131kam\u0131\u015f Military Hospital, Kars<\/p>\n<h3>AKADEMISCHE AUSBILDUNG<\/h3>\n<p>2001-2006 Marmara University, Istanbul, Hals-Nasen-Ohren-Heilkunde und Kopf-Hals-Chirurgie<br \/>\n1994-2000 Istanbul University, Istanbul, Medizinische Fakult\u00e4t<\/p>\n<h3>INTERNATIONALE AUSBILDUNG<\/h3>\n<p>2014 University of Insubria, Varese, Italien<br \/>\n2012 University of Pittsburgh Medical School, Pittsburgh, USA<br \/>\n2006 Harvard Medical School, Boston, USA<\/p>\n<p><strong>INTERNATIONALE PUBLIKATIONEN<\/strong><\/p>\n<p><a href=\"https:\/\/www.ncbi.nlm.nih.gov\/pubmed\/?term=gediz+serin\" target=\"_blank\" rel=\"noopener\">\u00dcber PubMed k\u00f6nnen Sie auf meine internationalen Ver\u00f6ffentlichungen zugreifen.<\/a><\/p>\n","protected":false},"excerpt":{"rendered":"<p>Prof. Dr. Gediz Murat Serin Expertenhand in der Nasenkorrektur! Als Facharzt f\u00fcr Hals-Nasen-Ohren-Heilkunde, Kopf- und Halschirurgie habe ich zahlreiche wissenschaftliche Forschungen durchgef\u00fchrt und als Sprecher, Teilnehmer und Organisator bei nationalen und internationalen Konferenzen teilgenommen. Ich habe viele nationale und internationale Artikel und Buchkapitel verfasst. Derzeit setze ich meine wissenschaftlichen Arbeiten fort und engagiere mich in [&hellip;]<\/p>\n","protected":false},"author":1,"featured_media":0,"parent":0,"menu_order":0,"comment_status":"closed","ping_status":"closed","template":"","meta":{"footnotes":""},"class_list":["post-167","page","type-page","status-publish","hentry"],"_links":{"self":[{"href":"https:\/\/www.gedizserin.com\/de\/wp-json\/wp\/v2\/pages\/167","targetHints":{"allow":["GET"]}}],"collection":[{"href":"https:\/\/www.gedizserin.com\/de\/wp-json\/wp\/v2\/pages"}],"about":[{"href":"https:\/\/www.gedizserin.com\/de\/wp-json\/wp\/v2\/types\/page"}],"author":[{"embeddable":true,"href":"https:\/\/www.gedizserin.com\/de\/wp-json\/wp\/v2\/users\/1"}],"replies":[{"embeddable":true,"href":"https:\/\/www.gedizserin.com\/de\/wp-json\/wp\/v2\/comments?post=167"}],"version-history":[{"count":10,"href":"https:\/\/www.gedizserin.com\/de\/wp-json\/wp\/v2\/pages\/167\/revisions"}],"predecessor-version":[{"id":746,"href":"https:\/\/www.gedizserin.com\/de\/wp-json\/wp\/v2\/pages\/167\/revisions\/746"}],"wp:attachment":[{"href":"https:\/\/www.gedizserin.com\/de\/wp-json\/wp\/v2\/media?parent=167"}],"curies":[{"name":"wp","href":"https:\/\/api.w.org\/{rel}","templated":true}]}}